{"id":221,"date":"2022-02-15T15:09:57","date_gmt":"2022-02-15T14:09:57","guid":{"rendered":"https:\/\/moerynck.be\/?page_id=221"},"modified":"2022-02-22T11:28:56","modified_gmt":"2022-02-22T10:28:56","slug":"fachanwaelte-fuer-stadtplanung-und-umwelt","status":"publish","type":"page","link":"https:\/\/moerynck.be\/de\/","title":{"rendered":"Fachanw\u00e4lte f\u00fcr Stadtplanung und Umwelt"},"content":{"rendered":"\n<figure class=\"wp-block-image size-full\"><img loading=\"lazy\" decoding=\"async\" width=\"980\" height=\"335\" src=\"https:\/\/moerynck.be\/wp-content\/uploads\/2022\/02\/home.jpeg\" alt=\"\" class=\"wp-image-33\" srcset=\"https:\/\/moerynck.be\/wp-content\/uploads\/2022\/02\/home.jpeg 980w, https:\/\/moerynck.be\/wp-content\/uploads\/2022\/02\/home-300x103.jpeg 300w, https:\/\/moerynck.be\/wp-content\/uploads\/2022\/02\/home-768x263.jpeg 768w\" sizes=\"auto, (max-width: 980px) 100vw, 980px\" \/><\/figure>\n\n\n\n<div class=\"wp-block-columns div--triple is-layout-flex wp-container-core-columns-is-layout-9d6595d7 wp-block-columns-is-layout-flex\">\n<div class=\"wp-block-column is-layout-flow wp-block-column-is-layout-flow\">\n<h2 class=\"exclude wp-block-heading\" id=\"stadtebau-und-umweltrecht\">St\u00e4dtebau- und Umweltrecht<\/h2>\n\n\n\n<p>Unsere Anwaltskanzlei ist ausschlie\u00dflich auf Umweltrecht sowie Raumordnungs- und St\u00e4dtebaurecht spezialisiert. Wir sind in der Wallonischen Region und in der Region Br\u00fcssel-Hauptstadt t\u00e4tig.&nbsp;<\/p>\n\n\n\n<p><a href=\"https:\/\/moerynck.be\/?page_id=12\" data-type=\"URL\" data-id=\"https:\/\/moerynck.be\/?page_id=12\">KNOW HOW<\/a><\/p>\n<\/div>\n\n\n\n<div class=\"wp-block-column is-layout-flow wp-block-column-is-layout-flow\">\n<h2 class=\"exclude wp-block-heading\" id=\"fur-sie\">F\u00fcr Sie<\/h2>\n\n\n\n<p>Unsere Expertise richtet sich an private oder \u00f6ffentliche Unternehmen, Berufsverb\u00e4nde, Beh\u00f6rden, Rechtsexperten und Privatpersonen. Dar\u00fcber hinaus nehmen wir an \u00f6ffentlichen Ausschreibungen teil.&nbsp;<\/p>\n\n\n\n<p><a href=\"https:\/\/moerynck.be\/?page_id=14\" data-type=\"URL\" data-id=\"https:\/\/moerynck.be\/?page_id=14\">LEISTUNGEN<\/a><\/p>\n<\/div>\n\n\n\n<div class=\"wp-block-column is-layout-flow wp-block-column-is-layout-flow\">\n<h2 class=\"exclude wp-block-heading\" id=\"rechtsberatung\">Rechtsberatung<\/h2>\n\n\n\n<p>Wir stimmen unsere Dienstleistungen genau auf Ihre Bed\u00fcrfnisse ab. Wir betreuen Sie mit einem schlagkr\u00e4ftigen und reaktionsschnellen Team, das sich durch Kundenn\u00e4he, Erreichbarkeit und Teamgeist auszeichnet.<\/p>\n\n\n\n<p><a href=\"https:\/\/moerynck.be\/?page_id=10\" data-type=\"URL\" data-id=\"https:\/\/moerynck.be\/?page_id=10\">TEAM<\/a><\/p>\n<\/div>\n<\/div>\n\n\n\n<h2 class=\"wp-block-heading\" id=\"an-ihrer-seite\">An Ihrer Seite<\/h2>\n\n\n\n<p>Wir machen es Ihnen leicht. Besonderen Wert legen wir auf faire, konstruktive und kreative Zusammenarbeit. Wir urteilen nicht und dr\u00e4ngen Ihnen auch nicht unsere eigene Sichtweise auf. Sie erhalten alle notwendigen Grundlagen und Hinweise, die es Ihnen erm\u00f6glichen frei und in voller Kenntnis der Sachlage die richtigen Entscheidungen zu treffen.<\/p>\n\n\n\n<h2 class=\"wp-block-heading\" id=\"ligne-claire\">&#8220;Ligne claire&#8221;<\/h2>\n\n\n\n<p>&#8220;Was man gut begreift, kann man auch deutlich ausdr\u00fccken.&#8221; Wir dr\u00fccken uns leicht und schnell verst\u00e4ndlich aus, ohne dabei auf juristische H\u00e4rte zu verzichten. Unsere Stellungnahmen sindehrlich, fundiert, referenziert, gr\u00fcndlich gepr\u00fcft und nachvollziehbar. Wir arbeiten regelm\u00e4\u00dfig mit einem professionellen Illustrator zusammen, um auch die komplexesten Sachverhalte anhand juristisch gepr\u00fcfter Zeichnungen, Grafiken und Diagramme einfach darzustellen.&nbsp;<\/p>\n\n\n\n<h2 class=\"wp-block-heading\" id=\"an-der-spitze\">An der Spitze<\/h2>\n\n\n\n<p>Unsere Dienstleistungen basieren auf einer leistungsf\u00e4higen, sicheren und hochwertigen IT-Infrastruktur. Einige unserer Kunden haben au\u00dferdem Zugang zu einem privaten Collaboration Space, in dem sie mit uns in Echtzeit Dokumente mit Versionierung erstellen k\u00f6nnen. Unsere Bibliothek ist umfangreich und gut sortiert, zudem haben wir selbstverst\u00e4ndlich Zugriff auf digitale juristische Datenbanken.<\/p>\n\n\n\n<div style=\"height:500px\" aria-hidden=\"true\" class=\"wp-block-spacer\"><\/div>\n","protected":false},"excerpt":{"rendered":"<p>St\u00e4dtebau- und Umweltrecht Unsere Anwaltskanzlei ist ausschlie\u00dflich auf Umweltrecht sowie Raumordnungs- und St\u00e4dtebaurecht spezialisiert. Wir sind in der Wallonischen Region und in der Region Br\u00fcssel-Hauptstadt t\u00e4tig.&nbsp; KNOW HOW F\u00fcr Sie Unsere Expertise richtet sich an private oder \u00f6ffentliche Unternehmen, Berufsverb\u00e4nde, Beh\u00f6rden, Rechtsexperten und Privatpersonen. Dar\u00fcber hinaus nehmen wir an \u00f6ffentlichen Ausschreibungen teil.&nbsp; LEISTUNGEN Rechtsberatung Wir [&hellip;]<\/p>\n","protected":false},"author":1,"featured_media":0,"parent":0,"menu_order":0,"comment_status":"closed","ping_status":"closed","template":"","meta":{"footnotes":""},"class_list":["post-221","page","type-page","status-publish","hentry"],"_links":{"self":[{"href":"https:\/\/moerynck.be\/de\/wp-json\/wp\/v2\/pages\/221","targetHints":{"allow":["GET"]}}],"collection":[{"href":"https:\/\/moerynck.be\/de\/wp-json\/wp\/v2\/pages"}],"about":[{"href":"https:\/\/moerynck.be\/de\/wp-json\/wp\/v2\/types\/page"}],"author":[{"embeddable":true,"href":"https:\/\/moerynck.be\/de\/wp-json\/wp\/v2\/users\/1"}],"replies":[{"embeddable":true,"href":"https:\/\/moerynck.be\/de\/wp-json\/wp\/v2\/comments?post=221"}],"version-history":[{"count":5,"href":"https:\/\/moerynck.be\/de\/wp-json\/wp\/v2\/pages\/221\/revisions"}],"predecessor-version":[{"id":348,"href":"https:\/\/moerynck.be\/de\/wp-json\/wp\/v2\/pages\/221\/revisions\/348"}],"wp:attachment":[{"href":"https:\/\/moerynck.be\/de\/wp-json\/wp\/v2\/media?parent=221"}],"curies":[{"name":"wp","href":"https:\/\/api.w.org\/{rel}","templated":true}]}}