{"id":313,"date":"2022-02-15T15:16:37","date_gmt":"2022-02-15T14:16:37","guid":{"rendered":"https:\/\/moerynck.be\/?page_id=313"},"modified":"2022-05-24T14:06:38","modified_gmt":"2022-05-24T12:06:38","slug":"know-how","status":"publish","type":"page","link":"https:\/\/moerynck.be\/de\/know-how\/","title":{"rendered":"Know-how"},"content":{"rendered":"\n<figure class=\"wp-block-image size-full\"><img loading=\"lazy\" decoding=\"async\" width=\"980\" height=\"335\" src=\"https:\/\/moerynck.be\/wp-content\/uploads\/2022\/02\/know-how.jpeg\" alt=\"\" class=\"wp-image-116\" srcset=\"https:\/\/moerynck.be\/wp-content\/uploads\/2022\/02\/know-how.jpeg 980w, https:\/\/moerynck.be\/wp-content\/uploads\/2022\/02\/know-how-300x103.jpeg 300w, https:\/\/moerynck.be\/wp-content\/uploads\/2022\/02\/know-how-768x263.jpeg 768w\" sizes=\"auto, (max-width: 980px) 100vw, 980px\" \/><\/figure>\n\n\n\n<div class=\"wp-block-columns container--picto is-layout-flex wp-container-core-columns-is-layout-9d6595d7 wp-block-columns-is-layout-flex\">\n<div class=\"wp-block-column is-layout-flow wp-block-column-is-layout-flow\" style=\"flex-basis:33.33%\">\n<figure class=\"wp-block-image size-full is-resized\"><img loading=\"lazy\" decoding=\"async\" src=\"https:\/\/moerynck.be\/wp-content\/uploads\/2022\/02\/picto-pratique.png\" alt=\"\" class=\"wp-image-160\" width=\"95\" height=\"57\"\/><\/figure>\n<\/div>\n\n\n\n<div class=\"wp-block-column is-layout-flow wp-block-column-is-layout-flow\" style=\"flex-basis:66.66%\">\n<h2 class=\"wp-block-heading\" id=\"unsere-schwerpunkte\">Unsere Schwerpunkte<\/h2>\n<\/div>\n<\/div>\n\n\n\n<p>Unsere Schwerpunkte umfassen alle Bereiche des Umweltrechts, des Raumordnungs- und St\u00e4dtebaurechts: Zugang zu Informationen, Beteiligung der \u00d6ffentlichkeit, Pl\u00e4ne und Regelungen, Landwirtschaft, Luft, Wasser, L\u00e4rm, Tierschutz, gentechnisch ver\u00e4nderte Organismen, Produktnormen, Pestizide, REACH, Umwelthaftung, Umweltsteuern, Eco-Management und Audit Scheme (EMAS), Umweltabkommen, Denkmalschutz, Sanierungsgebiete, Gewerbeansiedlungen, Forstrecht, Jagd, Naturschutz, Biodiversit\u00e4t, Klimarecht (\u201eKlimaaff\u00e4re\u201c), etc.<\/p>\n\n\n\n<p>Zudem verf\u00fcgen wir \u00fcber die mitunter besten auf dem Markt erh\u00e4ltlichen Fachkenntnisse in folgenden Bereichen und Branchen:&nbsp;<\/p>\n\n\n\n<ul class=\"wp-block-list\"><li>Umweltgenehmigung und Globalgenehmigung, St\u00e4dtebaugenehmigung, &nbsp;Parzellierungsgenehmigung , integrierte Genehmigung<\/li><li>kommunale Verkehrswege<\/li><li>Windkraftanlagen<\/li><li>Umweltvertr\u00e4glichkeitspr\u00fcfungBodensch\u00e4tze: Steinbr\u00fcche, Bergwerke und Halden<\/li><li>Verwaltung und R\u00fcckverfolgbarkeit von ErdeAbfall und erweiterte Herstellerverantwortung<\/li><li>Umweltsch\u00e4den, Verschmutzung und verschmutzte B\u00f6den<\/li><li>Umweltvergehen<\/li><li>St\u00e4dtebaudelikte<\/li><\/ul>\n\n\n\n<p>Unser T\u00e4tigkeitsfeld erstreckt sich \u00fcber Sachverhalte, die direkt oder indirekt st\u00e4dtebauliche und umweltrelevante Fragen betreffen, wie z.B.\u00f6ffentliche Ausschreibungen , die Verantwortung der \u00f6ffentlichen Hand, die Verantwortung von Immobilienakteuren im weitesten Sinne, Wettbewerbsrecht, Insolvenzen, Subventionen, Verkehrswege und Enteignungen. Die juristische Allgemeinbildung wird dabei nicht vernachl\u00e4ssigt.<\/p>\n\n\n\n<div style=\"height:10px\" aria-hidden=\"true\" class=\"wp-block-spacer\"><\/div>\n\n\n\n<div class=\"wp-block-columns container--picto is-layout-flex wp-container-core-columns-is-layout-9d6595d7 wp-block-columns-is-layout-flex\">\n<div class=\"wp-block-column is-layout-flow wp-block-column-is-layout-flow\" style=\"flex-basis:33.33%\">\n<figure class=\"wp-block-image size-full\"><img loading=\"lazy\" decoding=\"async\" width=\"58\" height=\"50\" src=\"https:\/\/moerynck.be\/wp-content\/uploads\/2022\/02\/picto-publications.png\" alt=\"\" class=\"wp-image-246\"\/><\/figure>\n<\/div>\n\n\n\n<div class=\"wp-block-column is-layout-flow wp-block-column-is-layout-flow\" style=\"flex-basis:66.66%\">\n<h2 class=\"wp-block-heading\" id=\"veroffentlichungen-und-schulungen\">Ver\u00f6ffentlichungen und Schulungen<\/h2>\n<\/div>\n<\/div>\n\n\n\n<div style=\"height:30px\" aria-hidden=\"true\" class=\"wp-block-spacer\"><\/div>\n\n\n\n<section class=\"wp-block-fidelo-service-tabs-wrap publications\">\n<div class=\"wp-block-fidelo-service-tabs-item\">\n<h3 class=\"wp-block-heading\" id=\"allgemeines\">Allgemeines<\/h3>\n\n\n\n<ul class=\"wp-block-list\"><li>Avec M. SANCY, \u00ab&nbsp;L\u2019environnement et l\u2019Entreprise&nbsp;\u00bb, UGA, recueil et mise \u00e0 jour de textes int\u00e9ressant les entreprises en mati\u00e8re d\u2019environnement, 2000<\/li><li>\u00ab&nbsp;Code Environnement &#8211; R\u00e9gion wallonne et R\u00e9gion de Bruxelles-Capitale&nbsp;\u00bb, Partie g\u00e9n\u00e9rale (permis d\u2019environnement, carri\u00e8res, terrils, \u00e9valuation des incidences), ouvrage \u00e0 feuillets mobiles, La Charte<\/li><li>Avec M. Delnoy, S. Leprince et sous la coordination scientifique du prof. M.. P\u00e2ques, \u00ab Code Droit de l\u2019Environnement \u00bb, La Charte,<tcxspan tcxhref=\"20062007\" title=\"Call  2006-2007  via 3CX\"> 2006-2007 <\/tcxspan>et<tcxspan tcxhref=\"20072008\" title=\"Call  2007-2008, via 3CX\"> 2007-2008,<\/tcxspan><tcxspan tcxhref=\"20102011\" title=\"Call  2010-2011, via 3CX\"> 2010-2011,<\/tcxspan> 2013,<tcxspan tcxhref=\"20172018\" title=\"Call  2017-2018 via 3CX\"> 2017-2018<\/tcxspan><\/li><li>\u00ab&nbsp;Int\u00e9r\u00eat g\u00e9n\u00e9ral et int\u00e9r\u00eats particuliers&nbsp;: quelques points de rencontre&nbsp;\u00bb, in Le droit de l\u2019am\u00e9nagement du territoire et de l\u2019urbanisme, 50 ans apr\u00e8s la loi organique&nbsp;\u00bb, Actes du colloque des 13 et 14 septembre 2012 organis\u00e9 par l\u2019ABEFDATU \u00e0 Louvain-la-Neuve, Anthemis, 2013, p. 177 et s.<\/li><li>Encadrement du proc\u00e8s fictif du Barreau de Bruxelles lors de la GREENWEEK le 16 mai 2019<br><a rel=\"noreferrer noopener\" href=\"https:\/\/www.eugreenweek.eu\/en\/session\/mock-trial-on-environmental-issues\" target=\"_blank\">https:\/\/www.eugreenweek.eu\/en\/session\/mock-trial-on-environmental-issues<\/a><\/li><\/ul>\n<\/div>\n\n\n\n<div class=\"wp-block-fidelo-service-tabs-item\">\n<h3 class=\"wp-block-heading\" id=\"rechtstoegang\">Zugang zur Gerichtsbarkeit<\/h3>\n\n\n\n<p>Avec S. NICOLAS, \u00ab&nbsp;Acc\u00e8s \u00e0 la justice en mati\u00e8re d\u2019environnement dans l\u2019UE&nbsp;\u00bb, rapport belge, Jonas EBBESSON, Ed., Kluwer Law International, 2002, pp. 121 \u00e0 148<\/p>\n<\/div>\n\n\n\n<div class=\"wp-block-fidelo-service-tabs-item\">\n<h3 class=\"wp-block-heading\" id=\"rechtstoegang\">Umweltgenehmigung und Globalgenehmigung<\/h3>\n\n\n\n<ul class=\"wp-block-list\"><li>\u00ab&nbsp;Quelles sont les obligations auxquelles est soumise votre entreprise dans le cadre du RGGD et \u00e0 qui incombe la responsabilit\u00e9 en cas d\u2019accident?&nbsp;\u00bb Conf\u00e9rence des 25 et 26 f\u00e9vrier 1997 relative aux d\u00e9chets industriels, Institute for International Research.<\/li><li>\u00ab&nbsp;Le d\u00e9cret du 11 mars 1999 relatif au permis d\u2019environnement&nbsp;: aper\u00e7u des innovations&nbsp;\u00bb, Am\u00e9n. Env., 1999, 255 et ss.<\/li><li>\u00ab&nbsp;Le d\u00e9cret du 11 mars 1999 relatif au permis d\u2019environnement&nbsp;: aper\u00e7u de ses modifications et de ses arr\u00eat\u00e9s d\u2019ex\u00e9cution&nbsp;\u00bb, Am\u00e9n. Env., 2003, pp. 11 et s.<\/li><li>Avec J. Sambon et D. Paulet, \u00ab&nbsp;Les permis d\u2019environnement&nbsp;\u00bb, RPDB \u00ab&nbsp;Urbanisme et environnement&nbsp;\u00bb, Bruxelles, Bruylant, 2007<\/li><li>Avec S. Vancaeyzeele, \u00ab&nbsp;Aper\u00e7u du droit transitoire relatif au permis d\u2019environnement en R\u00e9gion wallonne&nbsp;\u00bb, Am\u00e9n. Env., 2007, p. 171 \u00e0 184<\/li><li>\u00ab&nbsp;Conditions sectorielles relatives aux carri\u00e8res et \u00e0 leurs d\u00e9pendances, cadre juridique&nbsp;\u00bb, demi-journ\u00e9e d\u2019information, FEBELCEM, FEDIEX, Bruxelles, 16 juin 2003<\/li><li>Association des Juristes Namurois, \u00ab&nbsp;Urbanisme, environnement, pollution, logement, \u2026 Quoi de neuf en 2009&nbsp;?&nbsp;\u00bb, Conf\u00e9rence organis\u00e9e \u00e0 Namur le 14 mai 2009, \u00ab&nbsp;Pollution&nbsp;: r\u00f4le des pouvoirs publics et aspects corr\u00e9latifs de \u00ab&nbsp;responsabilit\u00e9&nbsp;\u00bb&nbsp;; \u00ab&nbsp;Cession des permis&nbsp;\u00bb<\/li><li>Compte-rendu Mons, 16 septembre 2013, Am\u00e9n., 2014, p. 187 (carri\u00e8res \u2013 ordre illicite de cesser une activit\u00e9 \u2013 responsabilit\u00e9 des pouvoirs publics &#8211; dommage r\u00e9sultant d\u2019une exploitation ill\u00e9gale (perte d\u2019exploitation) \u2013 recevabilit\u00e9 de l\u2019action en dommages et int\u00e9r\u00eats ) int\u00e9r\u00eat l\u00e9gitime de l\u2019exploitation &#8211; lic\u00e9it\u00e9 du dommage \u2013 lien causal &#8211; attentes l\u00e9gitimes \u2013 incertitude r\u00e9glementaire \u2013 tol\u00e9rance administrative)<\/li><\/ul>\n<\/div>\n\n\n\n<div class=\"wp-block-fidelo-service-tabs-item\">\n<h3 class=\"wp-block-heading\" id=\"rechtstoegang\">Tankstellen<\/h3>\n\n\n\n<p>\u00ab&nbsp;Stations-services, nouvelle r\u00e9glementation \u00e0 Bruxelles et en Wallonie, Les responsabilit\u00e9s juridiques et implications financi\u00e8res pour les exploitants&nbsp;\u00bb, S\u00e9minaire d\u2019information, AIB-Vin\u00e7otte, Bruxelles, 18 janvier 2000 et Namur, 21 janvier 2000<\/p>\n<\/div>\n\n\n\n<div class=\"wp-block-fidelo-service-tabs-item\">\n<h3 class=\"wp-block-heading\" id=\"rechtstoegang\">Abf\u00e4lle<\/h3>\n\n\n\n<ul class=\"wp-block-list\"><li>\u00ab&nbsp;Les r\u00e9gimes des s\u00fbret\u00e9s financi\u00e8res et les r\u00e8gles particuli\u00e8res d\u2019indemnisation des dommages&nbsp;\u00bb, in:&nbsp;De nouvelles r\u00e8gles en mati\u00e8re de d\u00e9chets, La Charte, 1997<\/li><li>\u00ab&nbsp;La vente d\u2019un terrain contamin\u00e9&nbsp;\u00bb, in: Guide de Droit Immobilier, ouvrage collectif \u00e0 feuillets mobiles, Kluwer<\/li><li>FORTEA, \u00ab&nbsp;Gestion des d\u00e9chets de l\u2019industrie extractive. Gestion des sols pollu\u00e9s&nbsp;\u00bb, S\u00e9minaire organis\u00e9 le 27 avril 2009 \u00e0 Namur, \u00ab&nbsp;Gestion des d\u00e9chets de l\u2019industrie extractive. Principales questions&nbsp;\u00bb<\/li><li>\u00ab&nbsp;La responsabilit\u00e9 du fait des d\u00e9chets&nbsp;\u00bb, in Responsabilit\u00e9s. Trait\u00e9 th\u00e9orique et pratique, Livre n\u00b033ter, Kluwer, 2012<\/li><li>Avec Chr. VERDURE, \u00ab&nbsp;L\u2019entreprise et les d\u00e9chets&nbsp;: la quadrature du cercle&nbsp;?&nbsp;\u00bb, in Entreprises et protection de l\u2019environnement, entre contraintes et opportunit\u00e9s, Jeune Barreau de Li\u00e8ge, Anthemis, 2012<\/li><li>IFE, 27 novembre 2012, \u00ab&nbsp;Gestion des d\u00e9chets dans les trois R\u00e9gions &#8211; Nouvelles obligations et responsabilit\u00e9s, R\u00e9gion wallonne&nbsp;\u00bb<\/li><li>Avec Chr. VERDURE, \u00ab&nbsp;Le nouveau cadre juridique wallon en mati\u00e8re de d\u00e9chets&nbsp;: aper\u00e7u du d\u00e9cret du 10 mai 2012&nbsp;\u00bb, Am\u00e9n. Env., 2013, p. 4 et s.<\/li><\/ul>\n<\/div>\n\n\n\n<div class=\"wp-block-fidelo-service-tabs-item\">\n<h3 class=\"wp-block-heading\" id=\"rechtstoegang\">Umweltdelikte<\/h3>\n\n\n\n<ul class=\"wp-block-list\"><li>Obs. sous Anvers, 26 mars 1993, Am\u00e9n. Env., 1996, p. 26 \u00e0 36<\/li><li>Compte rendu Cass., 22 f\u00e9vrier 2017, Am\u00e9n. 2017, 318 (Infraction environnementale \u2013 Sanction administrative \u2013 D\u00e9cision du fonctionnaire sanctionnateur \u2013 Acte administratif \u2013 Retrait (oui) \u2013 Recours judiciaire \u2013 Juridiction r\u00e9pressive \u2013 Indemnit\u00e9 de proc\u00e9dure (non))<\/li><li>\u00ab&nbsp;Infractions en mati\u00e8re de biodiversit\u00e9&nbsp;: \u00e9l\u00e9ments de jurisprudence p\u00e9nale en R\u00e9gion wallonne&nbsp;\u00bb, actes des journ\u00e9es d\u2019\u00e9tudes des 17 novembre 2017 \u00e0 Gand et 15 d\u00e9cembre 2017 \u00e0 Louvain-la-Neuve, \u00ab&nbsp;Des savanes flamandes et des for\u00eats pluviales wallonnes. La criminalit\u00e9 en mati\u00e8re de biodiversit\u00e9 chez nous&nbsp;\u00bb, La Charte-Die Keure, 2018<\/li><li>Formation aux magistrats, \u00ab&nbsp;Droit de l\u2019environnement&nbsp;\u00bb (ADM-2064), \u00ab&nbsp;Mesures de restitution et de r\u00e9paration&nbsp;\u00bb, Bruxelles, le 26 novembre 2018, Institut de Formation judiciaire<\/li><\/ul>\n<\/div>\n\n\n\n<div class=\"wp-block-fidelo-service-tabs-item\">\n<h3 class=\"wp-block-heading\" id=\"rechtstoegang\">St\u00e4dtebaudelikte<\/h3>\n\n\n\n<ul class=\"wp-block-list\"><li>Commentaires des articles 153 \u00e0 159 du Cwatup (infractions et sanctions), in&nbsp;: Commentaire syst\u00e9matique du Code wallon de l\u2019Am\u00e9nagement du Territoire, de l\u2019Urbanisme et du Patrimoine&nbsp;, ouvrage collectif \u00e0 feuillets mobiles, Kluwer<\/li><li>\u00ab&nbsp;Infractions et sanctions&nbsp;\u00bb, in Ch.-H. Born, et al. (dir.), Code du d\u00e9veloppement territorial (CoDT) et Code du patrimoine comment\u00e9s, Wolters Kluwer, 2018, p. 959 \u00e0 1020<\/li><li>\u00ab&nbsp;Infractions et sanctions&nbsp;\u00bb, in Ch.-H. Born, et al. (dir.), Code du d\u00e9veloppement territorial (CoDT) et Code du patrimoine comment\u00e9s, Wolters Kluwer, 2020, p. 1025 \u00e0 1092<\/li><\/ul>\n<\/div>\n\n\n\n<div class=\"wp-block-fidelo-service-tabs-item\">\n<h3 class=\"wp-block-heading\" id=\"rechtstoegang\">Beseitigung von Umweltsch\u00e4den<\/h3>\n\n\n\n<ul class=\"wp-block-list\"><li>\u00ab&nbsp;La r\u00e9paration du dommage \u00e9cologique&nbsp;\u00bb, Rapport au Ministre de l\u2019Environnement pour la R\u00e9gion wallonne, 1993<\/li><li>\u00ab&nbsp;Vers une responsabilit\u00e9 objective en mati\u00e8re d\u2019environnement&nbsp;\u00bb, Environnement et soci\u00e9t\u00e9, n\u00b014, FUL, 1994 , p. 11 \u00e0 24<\/li><li>Avec S. Leprince, \u00ab&nbsp;Evaluation et r\u00e9paration des dommages environnementaux, obligations de l\u2019exploitant et missions de l\u2019autorit\u00e9 comp\u00e9tente&nbsp;\u00bb, in La responsabilit\u00e9 environnementale. Transposition de la directive 2004\/35 et implications en droit interne, actes du colloque organis\u00e9 \u00e0 Bruxelles par le CEDRE (FUSL) le 3 octobre 2008, Anthemis, 2009<\/li><li>\u00ab&nbsp;La r\u00e9paration du dommage \u2013 rapport belge&nbsp;\u00bb, in P. Jourdain (coord.), La responsabilit\u00e9 environnementale, actes du s\u00e9minaire du GRERCA qui s\u2019est tenu \u00e0 l\u2019Universit\u00e9 de Paris 1 \u2013 IRJS les 15 et 16 septembre 2017, Larcier, 2018<\/li><\/ul>\n<\/div>\n\n\n\n<div class=\"wp-block-fidelo-service-tabs-item\">\n<h3 class=\"wp-block-heading\" id=\"rechtstoegang\">B\u00f6den<\/h3>\n\n\n\n<ul class=\"wp-block-list\"><li>\u00ab&nbsp;Les incidences, en ce qui concerne les sols pollu\u00e9s, de la directive 2004\/35\/CE sur la responsabilit\u00e9 environnementale&nbsp;\u00bb, in&nbsp;: Assainissement et gestion des sols pollu\u00e9s&nbsp;: un cadre l\u00e9gal nouveau, Bruxelles, Bruylant, 2007<\/li><li>\u00ab&nbsp;Aper\u00e7u de la r\u00e9paration des atteintes aux sols&nbsp;\u00bb, Am\u00e9n. Env., 2010, num\u00e9ro sp\u00e9cial \u00ab&nbsp;La protection des sols&nbsp;\u00bb, p. 113&nbsp; et s.<\/li><li>CONFOCUS, 9 juin 2010, Assainissement des sols&nbsp;: R\u00e9gion Bruxelles Capitale et Wallonie, \u00ab&nbsp;Ordonnance sols&nbsp;\u00bb et ordonnance \u00ab&nbsp;responsabilit\u00e9 environnementale&nbsp;\u00bb&nbsp;: quelle articulation entre les deux textes&nbsp;?<\/li><li>JEUNE BARREAU DE MONS, Aper\u00e7u du r\u00e9gime juridique de la gestion des sols en R\u00e9gion wallonne, apr\u00e8s-midi d\u2019\u00e9tude \u00e0 Mons le 19 mai&nbsp; 2011 \u00ab&nbsp;Sols pollu\u00e9s&nbsp;: nouveaux enjeux de la proc\u00e9dure au quotidien&nbsp;\u00bb<\/li><li>La gestion des sols et des sites pollu\u00e9s&nbsp;: d\u00e9cret sols et perspectives de d\u00e9veloppement en Wallonie, Moulins de Beez, 19 mars 2015 (Groupe Facteur 4 et Beeawall)<\/li><li>\u00ab&nbsp;Les sols en R\u00e9gion wallonne&nbsp;\u00bb, Guide de Droit Immobilier, ouvrage collectif \u00e0 feuillets mobiles, Kluwer, d\u00e9cembre 2017<\/li><\/ul>\n<\/div>\n\n\n\n<div class=\"wp-block-fidelo-service-tabs-item\">\n<h3 class=\"wp-block-heading\" id=\"rechtstoegang\">Vertr\u00e4ge<\/h3>\n\n\n\n<ul class=\"wp-block-list\"><li>\u00ab&nbsp;Les possibilit\u00e9s d\u2019int\u00e9grer des consid\u00e9rations environnementales dans les march\u00e9s publics&nbsp;\u00bb, intervention lors de l\u2019apr\u00e8s-midi d\u2019\u00e9tude \u00ab&nbsp;March\u00e9s publics&nbsp;: questions sp\u00e9ciales&nbsp;\u00bb, organis\u00e9e le 24 mai 2002 \u00e0 Bruxelles par la Conf\u00e9d\u00e9ration Construction<\/li><li>Avec E. Orban de Xivry et C. Roelants, \u00ab&nbsp;L\u2019information environnementale au cours de la phase pr\u00e9contractuelle d\u2019une vente immobili\u00e8re&nbsp;\u00bb, in Vente immobili\u00e8re&nbsp;: la phase pr\u00e9alable et ses \u00e9cueils, actes du colloque du 26 avril 2012, Kluwer, 2012<\/li><\/ul>\n<\/div>\n\n\n\n<div class=\"wp-block-fidelo-service-tabs-item\">\n<h3 class=\"wp-block-heading\" id=\"rechtstoegang\">Normierung<\/h3>\n\n\n\n<ul class=\"wp-block-list\"><li>\u00ab La normalisation en mati\u00e8re d\u2019environnement et de d\u00e9veloppement durable \u00bb, Formation compl\u00e9mentaire en d\u00e9veloppement durable, Universit\u00e9 de Namur,<tcxspan tcxhref=\"20152016\" title=\"Call  2015-2016, via 3CX\"> 2015-2016,<\/tcxspan> module 2, le 20 novembre 2015, avec M. Hanquet (BEP)<\/li><li>\u00ab La normalisation en mati\u00e8re d\u2019environnement et de d\u00e9veloppement durable \u00bb, Formation compl\u00e9mentaire en d\u00e9veloppement durable, Universit\u00e9 de Namur,<tcxspan tcxhref=\"20162017\" title=\"Call  2016-2017, via 3CX\"> 2016-2017,<\/tcxspan> module 2, le 4 novembre 2016, avec M. Hanquet (BEP)<\/li><li>\u00ab La normalisation en mati\u00e8re d\u2019environnement et de d\u00e9veloppement durable \u00bb, Formation compl\u00e9mentaire en d\u00e9veloppement durable, Universit\u00e9 de Namur,<tcxspan tcxhref=\"20172018\" title=\"Call  2017-2018, via 3CX\"> 2017-2018,<\/tcxspan> module 2, le 2 mars 2018, avec M. Hanquet (BEP)<\/li><li>\u00ab La normalisation en mati\u00e8re d\u2019environnement et de d\u00e9veloppement durable \u00bb, Formation compl\u00e9mentaire en d\u00e9veloppement durable, Universit\u00e9 de Namur,<tcxspan tcxhref=\"20182019\" title=\"Call  2018-2019, via 3CX\"> 2018-2019,<\/tcxspan> module 2, le 8 f\u00e9vrier 2019, avec M. Hanquet (BEP)<\/li><li>\u00ab La normalisation en mati\u00e8re d\u2019environnement et de d\u00e9veloppement durable \u00bb, Formation compl\u00e9mentaire en d\u00e9veloppement durable, Universit\u00e9 de Namur,<tcxspan tcxhref=\"20192020\" title=\"Call  2019-2020, via 3CX\"> 2019-2020,<\/tcxspan> module 2, le 31 janvier2020, avec M. Hanquet (BEP)<\/li><\/ul>\n<\/div>\n<\/section>\n\n\n\n<div style=\"height:200px\" aria-hidden=\"true\" class=\"wp-block-spacer\"><\/div>\n","protected":false},"excerpt":{"rendered":"<p>Unsere Schwerpunkte Unsere Schwerpunkte umfassen alle Bereiche des Umweltrechts, des Raumordnungs- und St\u00e4dtebaurechts: Zugang zu Informationen, Beteiligung der \u00d6ffentlichkeit, Pl\u00e4ne und Regelungen, Landwirtschaft, Luft, Wasser, L\u00e4rm, Tierschutz, gentechnisch ver\u00e4nderte Organismen, Produktnormen, Pestizide, REACH, Umwelthaftung, Umweltsteuern, Eco-Management und Audit Scheme (EMAS), Umweltabkommen, Denkmalschutz, Sanierungsgebiete, Gewerbeansiedlungen, Forstrecht, Jagd, Naturschutz, Biodiversit\u00e4t, Klimarecht (\u201eKlimaaff\u00e4re\u201c), etc. Zudem verf\u00fcgen wir \u00fcber [&hellip;]<\/p>\n","protected":false},"author":1,"featured_media":0,"parent":0,"menu_order":0,"comment_status":"closed","ping_status":"closed","template":"","meta":{"footnotes":""},"class_list":["post-313","page","type-page","status-publish","hentry"],"_links":{"self":[{"href":"https:\/\/moerynck.be\/de\/wp-json\/wp\/v2\/pages\/313","targetHints":{"allow":["GET"]}}],"collection":[{"href":"https:\/\/moerynck.be\/de\/wp-json\/wp\/v2\/pages"}],"about":[{"href":"https:\/\/moerynck.be\/de\/wp-json\/wp\/v2\/types\/page"}],"author":[{"embeddable":true,"href":"https:\/\/moerynck.be\/de\/wp-json\/wp\/v2\/users\/1"}],"replies":[{"embeddable":true,"href":"https:\/\/moerynck.be\/de\/wp-json\/wp\/v2\/comments?post=313"}],"version-history":[{"count":3,"href":"https:\/\/moerynck.be\/de\/wp-json\/wp\/v2\/pages\/313\/revisions"}],"predecessor-version":[{"id":448,"href":"https:\/\/moerynck.be\/de\/wp-json\/wp\/v2\/pages\/313\/revisions\/448"}],"wp:attachment":[{"href":"https:\/\/moerynck.be\/de\/wp-json\/wp\/v2\/media?parent=313"}],"curies":[{"name":"wp","href":"https:\/\/api.w.org\/{rel}","templated":true}]}}