{"id":219,"date":"2022-02-15T15:09:57","date_gmt":"2022-02-15T14:09:57","guid":{"rendered":"https:\/\/moerynck.be\/?page_id=219"},"modified":"2022-02-22T11:24:23","modified_gmt":"2022-02-22T10:24:23","slug":"advocaten-gespecialiseerd-in-stadsplanning-en-milieu","status":"publish","type":"page","link":"https:\/\/moerynck.be\/nl\/","title":{"rendered":"Advocaten gespecialiseerd in stadsplanning en milieu"},"content":{"rendered":"\n<figure class=\"wp-block-image size-full\"><img loading=\"lazy\" decoding=\"async\" width=\"980\" height=\"335\" src=\"https:\/\/moerynck.be\/wp-content\/uploads\/2022\/02\/home.jpeg\" alt=\"\" class=\"wp-image-33\" srcset=\"https:\/\/moerynck.be\/wp-content\/uploads\/2022\/02\/home.jpeg 980w, https:\/\/moerynck.be\/wp-content\/uploads\/2022\/02\/home-300x103.jpeg 300w, https:\/\/moerynck.be\/wp-content\/uploads\/2022\/02\/home-768x263.jpeg 768w\" sizes=\"auto, (max-width: 980px) 100vw, 980px\" \/><\/figure>\n\n\n\n<div class=\"wp-block-columns div--triple is-layout-flex wp-container-core-columns-is-layout-9d6595d7 wp-block-columns-is-layout-flex\">\n<div class=\"wp-block-column is-layout-flow wp-block-column-is-layout-flow\">\n<h2 class=\"exclude wp-block-heading\" id=\"milieu-en-stedenbouwrecht\">Milieu- en stedenbouwrecht<\/h2>\n\n\n\n<p>Nous sommes un cabinet d\u2019avocats sp\u00e9cialis\u00e9 exclusivement en droit de l\u2019environnement et en droit de l\u2019am\u00e9nagement du territoire et de l\u2019urbanisme. Nous travaillons en R\u00e9gion wallonne et en R\u00e9gion de Bruxelles-Capitale.<\/p>\n\n\n\n<p><a href=\"https:\/\/moerynck.be\/?page_id=12\" data-type=\"URL\" data-id=\"https:\/\/moerynck.be\/?page_id=12\">EXPERTISE<\/a><\/p>\n<\/div>\n\n\n\n<div class=\"wp-block-column is-layout-flow wp-block-column-is-layout-flow\">\n<h2 class=\"exclude wp-block-heading\" id=\"voor-wie\">Voor wie?<\/h2>\n\n\n\n<p>Wij delen onze kennis met priv\u00e9- en overheidsbedrijven, beroepsfederaties, overheidsinstanties, juridische experts en natuurlijke personen. Wij schrijven met genoegen in op overheidsopdrachten (tenders).<\/p>\n\n\n\n<p><a href=\"https:\/\/moerynck.be\/?page_id=14\" data-type=\"URL\" data-id=\"https:\/\/moerynck.be\/?page_id=14\">DIENSTEN<\/a><\/p>\n<\/div>\n\n\n\n<div class=\"wp-block-column is-layout-flow wp-block-column-is-layout-flow\">\n<h2 class=\"exclude wp-block-heading\" id=\"juridische-werkgroep\">Juridische werkgroep<\/h2>\n\n\n\n<p>Wij stemmen onze diensten af op uw behoeften. Dankzij onze ligging, beschikbaarheid en teamspirit kunnen wij effici\u00ebnt en proactief handelen.<\/p>\n\n\n\n<p><a href=\"https:\/\/moerynck.be\/?page_id=10\" data-type=\"URL\" data-id=\"https:\/\/moerynck.be\/?page_id=10\">TEAM<\/a><\/p>\n<\/div>\n<\/div>\n\n\n\n<h2 class=\"wp-block-heading\" id=\"onze-diensten\">Onze diensten<\/h2>\n\n\n\n<p>Wij maken het u makkelijk. We werken in alle eerlijkheid met u samen en hanteren een creatieve en constructieve aanpak. Wij spreken geen waardeoordeel uit en dringen onze mening nooit op. U ontvangt alle nuttige elementen en voorstellen om door te geven aan uw organisatie, zodat u vrijblijvend en met kennis van zaken de juiste beslissingen kunt nemen.&nbsp;<\/p>\n\n\n\n<h2 class=\"wp-block-heading\" id=\"duidelijk-standpunt\">Duidelijk standpunt<\/h2>\n\n\n\n<p>\u201dWat men goed begrijpt, kan men duidelijk uitleggen.&#8221; Wij gebruiken een eenvoudig te begrijpen taal, zonder dat er afbreuk wordt gedaan aan de juridische nauwkeurigheid. Onze standpunten zijn oprecht, onderbouwd, gestaafd, gecontroleerd en herleidbaar. Wij werken regelmatig samen met een professionele illustrator om de meest complexe situaties te schetsen aan de hand van tekeningen, grafieken en schema&#8217;s met juridische waarde.<\/p>\n\n\n\n<h2 class=\"wp-block-heading\" id=\"toonaangevend\">Toonaangevend<\/h2>\n\n\n\n<p>Onze diensten werken met krachtige, beveiligde en hoogwaardige IT-infrastructuur. Sommige klanten maken gebruik van een private samenwerkingsruimte om bijvoorbeeld in onze aanwezigheid documenten met back-ups op te stellen. Wij beschikken over een erg uitgebreide bibliotheek alsook over juridische databanken.<\/p>\n\n\n\n<div style=\"height:500px\" aria-hidden=\"true\" class=\"wp-block-spacer\"><\/div>\n","protected":false},"excerpt":{"rendered":"<p>Milieu- en stedenbouwrecht Nous sommes un cabinet d\u2019avocats sp\u00e9cialis\u00e9 exclusivement en droit de l\u2019environnement et en droit de l\u2019am\u00e9nagement du territoire et de l\u2019urbanisme. Nous travaillons en R\u00e9gion wallonne et en R\u00e9gion de Bruxelles-Capitale. EXPERTISE Voor wie? Wij delen onze kennis met priv\u00e9- en overheidsbedrijven, beroepsfederaties, overheidsinstanties, juridische experts en natuurlijke personen. Wij schrijven met [&hellip;]<\/p>\n","protected":false},"author":1,"featured_media":0,"parent":0,"menu_order":0,"comment_status":"closed","ping_status":"closed","template":"","meta":{"footnotes":""},"class_list":["post-219","page","type-page","status-publish","hentry"],"_links":{"self":[{"href":"https:\/\/moerynck.be\/nl\/wp-json\/wp\/v2\/pages\/219","targetHints":{"allow":["GET"]}}],"collection":[{"href":"https:\/\/moerynck.be\/nl\/wp-json\/wp\/v2\/pages"}],"about":[{"href":"https:\/\/moerynck.be\/nl\/wp-json\/wp\/v2\/types\/page"}],"author":[{"embeddable":true,"href":"https:\/\/moerynck.be\/nl\/wp-json\/wp\/v2\/users\/1"}],"replies":[{"embeddable":true,"href":"https:\/\/moerynck.be\/nl\/wp-json\/wp\/v2\/comments?post=219"}],"version-history":[{"count":4,"href":"https:\/\/moerynck.be\/nl\/wp-json\/wp\/v2\/pages\/219\/revisions"}],"predecessor-version":[{"id":346,"href":"https:\/\/moerynck.be\/nl\/wp-json\/wp\/v2\/pages\/219\/revisions\/346"}],"wp:attachment":[{"href":"https:\/\/moerynck.be\/nl\/wp-json\/wp\/v2\/media?parent=219"}],"curies":[{"name":"wp","href":"https:\/\/api.w.org\/{rel}","templated":true}]}}